{"id":2215,"date":"2024-09-03T15:53:51","date_gmt":"2024-09-03T21:53:51","guid":{"rendered":"https:\/\/masmontana.mx\/?page_id=2215"},"modified":"2024-09-29T23:25:38","modified_gmt":"2024-09-30T05:25:38","slug":"hiking-apoala","status":"publish","type":"page","link":"https:\/\/masmontana.mx\/es\/hiking-apoala\/","title":{"rendered":"Hiking in Apoala"},"content":{"rendered":"<div data-elementor-type=\"wp-page\" data-elementor-id=\"2215\" class=\"elementor elementor-2215\">\n\t\t\t\t<div class=\"elementor-element elementor-element-a7a2927 e-flex e-con-boxed e-con e-parent\" data-id=\"a7a2927\" data-element_type=\"container\" data-e-type=\"container\">\n\t\t\t\t\t<div class=\"e-con-inner\">\n\t\t\t\t<div class=\"elementor-element elementor-element-64f9170 elementor-widget elementor-widget-heading\" data-id=\"64f9170\" data-element_type=\"widget\" data-e-type=\"widget\" data-widget_type=\"heading.default\">\n\t\t\t\t<div class=\"elementor-widget-container\">\n\t\t\t\t\t<h2 class=\"elementor-heading-title elementor-size-default\"><div><br><\/div>SENDERISMO EN LAS CASCADAS SECRETAS DE APOALA<div><span style=\"font-size: 2.125rem;font-style: inherit;text-align: var(--text-align)\"><\/span><br><\/div><\/h2>\t\t\t\t<\/div>\n\t\t\t\t<\/div>\n\t\t\t\t\t<\/div>\n\t\t\t\t<\/div>\n\t\t<div class=\"elementor-element elementor-element-becb446 e-flex e-con-boxed e-con e-parent\" data-id=\"becb446\" data-element_type=\"container\" data-e-type=\"container\">\n\t\t\t\t\t<div class=\"e-con-inner\">\n\t\t\t\t<div class=\"elementor-element elementor-element-6a868b3 elementor-arrows-position-inside elementor-pagination-position-outside elementor-widget elementor-widget-image-carousel\" data-id=\"6a868b3\" data-element_type=\"widget\" data-e-type=\"widget\" data-settings=\"{&quot;navigation&quot;:&quot;both&quot;,&quot;autoplay&quot;:&quot;yes&quot;,&quot;pause_on_hover&quot;:&quot;yes&quot;,&quot;pause_on_interaction&quot;:&quot;yes&quot;,&quot;autoplay_speed&quot;:5000,&quot;infinite&quot;:&quot;yes&quot;,&quot;speed&quot;:500}\" data-widget_type=\"image-carousel.default\">\n\t\t\t\t<div class=\"elementor-widget-container\">\n\t\t\t\t\t\t\t<div class=\"elementor-image-carousel-wrapper swiper\" role=\"region\" aria-roledescription=\"carousel\" aria-label=\"Image Carousel\" dir=\"ltr\">\n\t\t\t<div class=\"elementor-image-carousel swiper-wrapper\" aria-live=\"off\">\n\t\t\t\t\t\t\t\t<div class=\"swiper-slide\" role=\"group\" aria-roledescription=\"slide\" aria-label=\"1 of 4\"><figure class=\"swiper-slide-inner\"><img decoding=\"async\" class=\"swiper-slide-image\" src=\"https:\/\/masmontana.mx\/wp-content\/uploads\/2024\/09\/IMG_5614-01-768x1024.jpeg\" alt=\"IMG_5614-01\" \/><\/figure><\/div><div class=\"swiper-slide\" role=\"group\" aria-roledescription=\"slide\" aria-label=\"2 of 4\"><figure class=\"swiper-slide-inner\"><img decoding=\"async\" class=\"swiper-slide-image\" src=\"https:\/\/masmontana.mx\/wp-content\/uploads\/2024\/09\/IMG_1226-768x1024.jpg\" alt=\"IMG_1226\" \/><\/figure><\/div><div class=\"swiper-slide\" role=\"group\" aria-roledescription=\"slide\" aria-label=\"3 of 4\"><figure class=\"swiper-slide-inner\"><img decoding=\"async\" class=\"swiper-slide-image\" src=\"https:\/\/masmontana.mx\/wp-content\/uploads\/2024\/09\/IMG_20211203_144241-768x1024.jpg\" alt=\"IMG_20211203_144241\" \/><\/figure><\/div><div class=\"swiper-slide\" role=\"group\" aria-roledescription=\"slide\" aria-label=\"4 of 4\"><figure class=\"swiper-slide-inner\"><img decoding=\"async\" class=\"swiper-slide-image\" src=\"https:\/\/masmontana.mx\/wp-content\/uploads\/2024\/09\/IMG_4257-768x1024.jpg\" alt=\"IMG_4257\" \/><\/figure><\/div>\t\t\t<\/div>\n\t\t\t\t\t\t\t\t\t\t\t\t<div class=\"elementor-swiper-button elementor-swiper-button-prev\" role=\"button\" tabindex=\"0\">\n\t\t\t\t\t\t<svg aria-hidden=\"true\" class=\"e-font-icon-svg e-eicon-chevron-left\" viewbox=\"0 0 1000 1000\" xmlns=\"http:\/\/www.w3.org\/2000\/svg\"><path d=\"M646 125C629 125 613 133 604 142L308 442C296 454 292 471 292 487 292 504 296 521 308 533L604 854C617 867 629 875 646 875 663 875 679 871 692 858 704 846 713 829 713 812 713 796 708 779 692 767L438 487 692 225C700 217 708 204 708 187 708 171 704 154 692 142 675 129 663 125 646 125Z\"><\/path><\/svg>\t\t\t\t\t<\/div>\n\t\t\t\t\t<div class=\"elementor-swiper-button elementor-swiper-button-next\" role=\"button\" tabindex=\"0\">\n\t\t\t\t\t\t<svg aria-hidden=\"true\" class=\"e-font-icon-svg e-eicon-chevron-right\" viewbox=\"0 0 1000 1000\" xmlns=\"http:\/\/www.w3.org\/2000\/svg\"><path d=\"M696 533C708 521 713 504 713 487 713 471 708 454 696 446L400 146C388 133 375 125 354 125 338 125 325 129 313 142 300 154 292 171 292 187 292 204 296 221 308 233L563 492 304 771C292 783 288 800 288 817 288 833 296 850 308 863 321 871 338 875 354 875 371 875 388 867 400 854L696 533Z\"><\/path><\/svg>\t\t\t\t\t<\/div>\n\t\t\t\t\n\t\t\t\t\t\t\t\t\t<div class=\"swiper-pagination\"><\/div>\n\t\t\t\t\t\t\t\t\t<\/div>\n\t\t\t\t\t\t<\/div>\n\t\t\t\t<\/div>\n\t\t\t\t\t<\/div>\n\t\t\t\t<\/div>\n\t\t<div class=\"elementor-element elementor-element-881c159 e-grid e-con-boxed e-con e-parent\" data-id=\"881c159\" data-element_type=\"container\" data-e-type=\"container\">\n\t\t\t\t\t<div class=\"e-con-inner\">\n\t\t\t\t<div class=\"elementor-element elementor-element-f7e5a32 elementor-widget elementor-widget-text-editor\" data-id=\"f7e5a32\" data-element_type=\"widget\" data-e-type=\"widget\" data-widget_type=\"text-editor.default\">\n\t\t\t\t<div class=\"elementor-widget-container\">\n\t\t\t\t\t\t\t\t\t<p><strong>Regi\u00f3n:<\/strong> Mixteca alta<br \/><strong>Ubicaci\u00f3n:<\/strong> <a href=\"https:\/\/maps.app.goo.gl\/zvgXEH27wav4tYwF9\">Santiago Apoala<\/a><br \/><strong>Ecosistema:<\/strong> Bosque de Quercus<\/p>\t\t\t\t\t\t\t\t<\/div>\n\t\t\t\t<\/div>\n\t\t\t\t<div class=\"elementor-element elementor-element-7df33a0 elementor-widget elementor-widget-text-editor\" data-id=\"7df33a0\" data-element_type=\"widget\" data-e-type=\"widget\" data-widget_type=\"text-editor.default\">\n\t\t\t\t<div class=\"elementor-widget-container\">\n\t\t\t\t\t\t\t\t\t<p><strong>Duraci\u00f3n: <\/strong>10 horas<br \/><strong>Tama\u00f1o del grupo:<\/strong> 1 - 8 personas<br \/><strong>Precio por persona:<\/strong> $2,100 MXN<\/p>\t\t\t\t\t\t\t\t<\/div>\n\t\t\t\t<\/div>\n\t\t\t\t<div class=\"elementor-element elementor-element-d879e2b elementor-widget elementor-widget-text-editor\" data-id=\"d879e2b\" data-element_type=\"widget\" data-e-type=\"widget\" data-widget_type=\"text-editor.default\">\n\t\t\t\t<div class=\"elementor-widget-container\">\n\t\t\t\t\t\t\t\t\t<p><strong style=\"font-style: inherit; text-align: var(--text-align);\"><strong>Dificultad: <\/strong><\/strong>Intermedio - Avanzado<strong style=\"font-style: inherit; text-align: var(--text-align);\"><br \/>Distancia:<\/strong><span style=\"font-style: inherit; text-align: var(--text-align);\"> 5 &#8211; 24 km <\/span><strong style=\"font-style: inherit; text-align: var(--text-align);\">\/<\/strong><span style=\"font-style: inherit; text-align: var(--text-align);\"> 3 - 14 millas<br \/><\/span><strong>Elevaci\u00f3n:<\/strong> 2,850-3,200 m <strong>\/<\/strong> 9,350-10,500 ft<br \/><strong>Ascenso:<\/strong> +905 m <strong>\/<\/strong> 2,952 ft<br \/><strong>Descenso:<\/strong> -878 m <strong>\/<\/strong> 2,880 ft<\/p>\t\t\t\t\t\t\t\t<\/div>\n\t\t\t\t<\/div>\n\t\t\t\t\t<\/div>\n\t\t\t\t<\/div>\n\t\t<div class=\"elementor-element elementor-element-41a74d9 e-flex e-con-boxed e-con e-parent\" data-id=\"41a74d9\" data-element_type=\"container\" data-e-type=\"container\">\n\t\t\t\t\t<div class=\"e-con-inner\">\n\t\t\t\t<div class=\"elementor-element elementor-element-3edccea elementor-drop-cap-yes elementor-drop-cap-view-default elementor-widget elementor-widget-text-editor\" data-id=\"3edccea\" data-element_type=\"widget\" data-e-type=\"widget\" data-settings=\"{&quot;drop_cap&quot;:&quot;yes&quot;}\" data-widget_type=\"text-editor.default\">\n\t\t\t\t<div class=\"elementor-widget-container\">\n\t\t\t\t\t\t\t\t\t<p><span style=\"font-weight: 400;\">A lo profundo de las monta\u00f1as de la regi\u00f3n de la Mixteca, se esconde Santiago Apoala, una comunidad de m\u00e1s o menos 800 habitantes, dando vida a la Reserva de la Biosfera de Tehuac\u00e1n-Cuicatl\u00e1n, una peque\u00f1a porci\u00f3n de tierras que representa aproximadamente el 0.05 por ciento del territorio nacional localizada al sureste de Puebla y noroeste de Oaxaca. Esta regi\u00f3n se caracteriza por su gran riqueza biol\u00f3gica y cultural donde por m\u00e1s de 10 mil a\u00f1os se han desarrollado comunidades de al menos ocho pueblos ind\u00edgenas.<\/span><\/p><p><span style=\"font-weight: 400;\">Comenzaremos nuestra aventura a las 9AM para prepararnos para nuestro viaje de 2.5 horas para llegar a este majestuoso lugar. El viaje lo pueden aprovechar para dormir o para apreciar los paisajes pintorescos de las monta\u00f1as que hay en Oaxaca.<\/span><\/p><p><span style=\"font-weight: 400;\">Una vez llegando a Santiago Apoala, llegaremos a un mirador donde podremos apreciar la belleza de esta comunidad de las monta\u00f1as que la rodean, una vez listos, comenzaremos nuestro descenso hacia la comunidad con vistas impresionantes.<\/span><\/p><p><span style=\"font-weight: 400;\">Al llegar a la comunidad, seguiremos cuesta abajo para observar las cascadas principales que nos asombrar\u00e1n por su tama\u00f1o y el color del agua turquesa. En las cascadas podr\u00e1n tomarse fotos pero \u2026\u00a1aguarda!, a\u00fan no es el punto donde nadaremos, seguiremos descendiendo hasta llegar a un lugar secreto donde ah\u00ed podremos relajarnos, comer un snack y por supuesto nadar evitando las multitudes.<\/span><\/p><p><span style=\"font-weight: 400;\">Una vez disfrutado este peque\u00f1o lugar, comenzaremos nuestro ascenso hacia la comunidad sobre un sendero que es de mis favoritos. Al llegar a la comunidad tendremos unas vistas impresionantes de las monta\u00f1as rocosas pero ahora con una vista desde abajo. Caminaremos a lado del r\u00edo hasta llegar a un peque\u00f1o comedor en donde terminaremos nuestra caminata con una deliciosa comida local.<\/span><\/p><p><span style=\"font-weight: 400;\">Al terminar la comida, la camioneta ya estar\u00e1 esper\u00e1ndonos y as\u00ed despedirnos de esta comunidad esperando volver a regresar.<\/span><\/p>\t\t\t\t\t\t\t\t<\/div>\n\t\t\t\t<\/div>\n\t\t\t\t\t<\/div>\n\t\t\t\t<\/div>\n\t\t<div class=\"elementor-element elementor-element-1d3b5dc e-flex e-con-boxed e-con e-parent\" data-id=\"1d3b5dc\" data-element_type=\"container\" data-e-type=\"container\">\n\t\t\t\t\t<div class=\"e-con-inner\">\n\t\t<div class=\"elementor-element elementor-element-ffc1f68 e-con-full e-flex e-con e-child\" data-id=\"ffc1f68\" data-element_type=\"container\" data-e-type=\"container\">\n\t\t\t\t<div class=\"elementor-element elementor-element-f0aab3e elementor-widget elementor-widget-text-editor\" data-id=\"f0aab3e\" data-element_type=\"widget\" data-e-type=\"widget\" data-widget_type=\"text-editor.default\">\n\t\t\t\t<div class=\"elementor-widget-container\">\n\t\t\t\t\t\t\t\t\t<p><strong>I<\/strong>tinerario<\/p><p><span style=\"text-decoration: underline;\">9:00<\/span> Encuentro y traslado a Apoala<br \/><span style=\"text-decoration: underline;\">11:30<\/span> Llegada al punto de partida<br \/><span style=\"text-decoration: underline;\">11:45<\/span> \u00a1Vamos a caminar y a nadar!<br \/><span style=\"text-decoration: underline;\">15:50<\/span> Fin de la caminata<br \/><span style=\"text-decoration: underline;\">16:00<\/span> Comida<br \/><span style=\"text-decoration: underline;\">17:00<\/span> Traslado a la ciudad<br \/><span style=\"text-decoration: underline;\">19:30<\/span> Llegada a Oaxaca<\/p>\t\t\t\t\t\t\t\t<\/div>\n\t\t\t\t<\/div>\n\t\t\t\t<\/div>\n\t\t<div class=\"elementor-element elementor-element-006eced e-con-full e-flex e-con e-child\" data-id=\"006eced\" data-element_type=\"container\" data-e-type=\"container\">\n\t\t\t\t<div class=\"elementor-element elementor-element-87abecd elementor-widget elementor-widget-text-editor\" data-id=\"87abecd\" data-element_type=\"widget\" data-e-type=\"widget\" data-widget_type=\"text-editor.default\">\n\t\t\t\t<div class=\"elementor-widget-container\">\n\t\t\t\t\t\t\t\t\t<p><strong>\u00bfQ<\/strong>u\u00e9 est\u00e1 inclu\u00eddo?<\/p><ul><li>Gu\u00eda<\/li><li>Transporte (SUV o Van)<\/li><li>Entradas<\/li><li>Comida<\/li><li>Snacks<\/li><li>Bastones de senderismo<\/li><li>Impermeable<\/li><li>Guantes<\/li><li>Botella de agua reutilizable<\/li><li>Refill de agua ilimitada<\/li><\/ul>\t\t\t\t\t\t\t\t<\/div>\n\t\t\t\t<\/div>\n\t\t\t\t<\/div>\n\t\t<div class=\"elementor-element elementor-element-562374e e-con-full e-flex e-con e-child\" data-id=\"562374e\" data-element_type=\"container\" data-e-type=\"container\">\n\t\t\t\t<div class=\"elementor-element elementor-element-9ae1c39 elementor-widget elementor-widget-text-editor\" data-id=\"9ae1c39\" data-element_type=\"widget\" data-e-type=\"widget\" data-widget_type=\"text-editor.default\">\n\t\t\t\t<div class=\"elementor-widget-container\">\n\t\t\t\t\t\t\t\t\t<div><strong>\u00bfQ<\/strong>u\u00e9 debo traer?<\/div><div>\u00a0<\/div><ul><li>Calzado para senderismo o tenis deportivos<\/li><li><span style=\"font-size: 16px;\">Mochila<\/span><\/li><li><span style=\"font-size: 16px;\">Chamarra para fr\u00edo o impermeable <\/span><\/li><li><span style=\"font-size: 16px;\">Traje de ba\u00f1o<\/span><\/li><li>Toalla<\/li><li>Sandalias<\/li><li><span style=\"font-size: 16px;\">Botella de agua reutilizable <span style=\"text-decoration: underline;\">(Ay\u00fadanos a reducir el pl\u00e1stico)<\/span><\/span><\/li><\/ul>\t\t\t\t\t\t\t\t<\/div>\n\t\t\t\t<\/div>\n\t\t\t\t<\/div>\n\t\t<div class=\"elementor-element elementor-element-a6a734c e-con-full e-flex e-con e-child\" data-id=\"a6a734c\" data-element_type=\"container\" data-e-type=\"container\">\n\t\t\t\t<div class=\"elementor-element elementor-element-c1101f7 elementor-widget elementor-widget-text-editor\" data-id=\"c1101f7\" data-element_type=\"widget\" data-e-type=\"widget\" data-widget_type=\"text-editor.default\">\n\t\t\t\t<div class=\"elementor-widget-container\">\n\t\t\t\t\t\t\t\t\t<p><strong>P<\/strong>ol\u00edticas de cancelaci\u00f3n<\/p><p>Para obtener un reembolso completo, los participantes pueden cancelar hasta <strong>24 horas<\/strong> antes del inicio de la experiencia.<\/p>\t\t\t\t\t\t\t\t<\/div>\n\t\t\t\t<\/div>\n\t\t\t\t<\/div>\n\t\t\t\t\t<\/div>\n\t\t\t\t<\/div>\n\t\t<div class=\"elementor-element elementor-element-29fc460 e-flex e-con-boxed e-con e-parent\" data-id=\"29fc460\" data-element_type=\"container\" data-e-type=\"container\">\n\t\t\t\t\t<div class=\"e-con-inner\">\n\t\t<div class=\"elementor-element elementor-element-40e907b e-con-full e-flex e-con e-child\" data-id=\"40e907b\" data-element_type=\"container\" data-e-type=\"container\">\n\t\t<div class=\"elementor-element elementor-element-698202c e-con-full e-flex e-con e-child\" data-id=\"698202c\" data-element_type=\"container\" data-e-type=\"container\">\n\t\t\t\t<div class=\"elementor-element elementor-element-56932f7 elementor-widget elementor-widget-google_maps\" data-id=\"56932f7\" data-element_type=\"widget\" data-e-type=\"widget\" data-widget_type=\"google_maps.default\">\n\t\t\t\t<div class=\"elementor-widget-container\">\n\t\t\t\t\t\t\t<div class=\"elementor-custom-embed\">\n\t\t\t<iframe loading=\"lazy\"\n\t\t\t\t\tsrc=\"https:\/\/maps.google.com\/maps?q=M%C3%A1s%20Monta%C3%B1a%2C%20Oaxaca&#038;t=m&#038;z=16&#038;output=embed&#038;iwloc=near\"\n\t\t\t\t\ttitle=\"M\u00e1s Monta\u00f1a, Oaxaca\"\n\t\t\t\t\taria-label=\"M\u00e1s Monta\u00f1a, Oaxaca\"\n\t\t\t><\/iframe>\n\t\t<\/div>\n\t\t\t\t\t\t<\/div>\n\t\t\t\t<\/div>\n\t\t\t\t<\/div>\n\t\t<div class=\"elementor-element elementor-element-f65d373 e-con-full e-flex e-con e-child\" data-id=\"f65d373\" data-element_type=\"container\" data-e-type=\"container\">\n\t\t<div class=\"elementor-element elementor-element-e652296 e-con-full e-flex e-con e-child\" data-id=\"e652296\" data-element_type=\"container\" data-e-type=\"container\">\n\t\t\t\t<div class=\"elementor-element elementor-element-50cb700 elementor-align-center elementor-widget elementor-widget-button\" data-id=\"50cb700\" data-element_type=\"widget\" data-e-type=\"widget\" data-settings=\"{&quot;_animation&quot;:&quot;none&quot;}\" data-widget_type=\"button.default\">\n\t\t\t\t<div class=\"elementor-widget-container\">\n\t\t\t\t\t\t\t\t\t<div class=\"elementor-button-wrapper\">\n\t\t\t\t\t<a class=\"elementor-button elementor-button-link elementor-size-sm elementor-animation-grow\" href=\"https:\/\/fareharbor.com\/embeds\/book\/masmontana\/items\/572084\/?full-items=yes&#038;flow=865440\">\n\t\t\t\t\t\t<span class=\"elementor-button-content-wrapper\">\n\t\t\t\t\t\t\t\t\t<span class=\"elementor-button-text\">RESERVA AHORA<\/span>\n\t\t\t\t\t<\/span>\n\t\t\t\t\t<\/a>\n\t\t\t\t<\/div>\n\t\t\t\t\t\t\t\t<\/div>\n\t\t\t\t<\/div>\n\t\t\t\t<\/div>\n\t\t<div class=\"elementor-element elementor-element-c24d4eb e-con-full e-flex e-con e-child\" data-id=\"c24d4eb\" data-element_type=\"container\" data-e-type=\"container\">\n\t\t\t\t<div class=\"elementor-element elementor-element-cb8038a elementor-widget elementor-widget-shortcode\" data-id=\"cb8038a\" data-element_type=\"widget\" data-e-type=\"widget\" data-widget_type=\"shortcode.default\">\n\t\t\t\t<div class=\"elementor-widget-container\">\n\t\t\t\t\t\t\t<div class=\"elementor-shortcode\"><div id=\"TA_cdswritereviewlgvi420\" class=\"TA_cdswritereviewlgvi\">\n<ul id=\"MZlQszeA7a\" class=\"TA_links ZXp0F7DDg4\">\n<li id=\"fRORj9n\" class=\"sAxzBW3\">\n<a target=\"_blank\" href=\"https:\/\/www.tripadvisor.com\/\"><img decoding=\"async\" src=\"https:\/\/static.tacdn.com\/img2\/brand_refresh\/Tripadvisor_lockup_horizontal_secondary_registered.svg\" alt=\"TripAdvisor\"\/><\/a>\n<\/li>\n<\/ul>\n<\/div>\n<script async src=\"https:\/\/www.jscache.com\/wejs?wtype=cdswritereviewlgvi&amp;uniq=420&amp;locationId=24110194&amp;lang=en_US&amp;lang=en_US&amp;display_version=2\" data-loadtrk onload=\"this.loadtrk=true\"><\/script>\n<\/div>\n\t\t\t\t\t\t<\/div>\n\t\t\t\t<\/div>\n\t\t\t\t<\/div>\n\t\t\t\t<\/div>\n\t\t\t\t<\/div>\n\t\t\t\t\t<\/div>\n\t\t\t\t<\/div>\n\t\t<div class=\"elementor-element elementor-element-b42ce53 e-flex e-con-boxed e-con e-parent\" data-id=\"b42ce53\" data-element_type=\"container\" data-e-type=\"container\">\n\t\t\t\t\t<div class=\"e-con-inner\">\n\t\t\t\t<div class=\"elementor-element elementor-element-1d73de6 elementor-widget elementor-widget-spacer\" data-id=\"1d73de6\" data-element_type=\"widget\" data-e-type=\"widget\" data-widget_type=\"spacer.default\">\n\t\t\t\t<div class=\"elementor-widget-container\">\n\t\t\t\t\t\t\t<div class=\"elementor-spacer\">\n\t\t\t<div class=\"elementor-spacer-inner\"><\/div>\n\t\t<\/div>\n\t\t\t\t\t\t<\/div>\n\t\t\t\t<\/div>\n\t\t\t\t\t<\/div>\n\t\t\t\t<\/div>\n\t\t\t\t<\/div>","protected":false},"excerpt":{"rendered":"<p>HIKING IN THE SECRETS WATERFALLS OF APOALA Region: High MixtecaLocation: Santiago ApoalaEcosystem: Tropical dry forest Duration: 10 hoursGroup size: 1 &#8211; 8 peoplePrice per person: $2,100 MXN Difficulty: Intermediate &#8211; AdvancedDistance: 5 &#8211; 24 km \/ 3 &#8211; 14 \u00a0milesElevation: 2,850-3,200 m \/ 9,350-10,500 ftAscend: +905 m \/ 2,952 ftDescent: -878 m \/ 2,880 ft [&hellip;]<\/p>\n","protected":false},"author":1,"featured_media":0,"parent":0,"menu_order":0,"comment_status":"closed","ping_status":"closed","template":"","meta":{"site-sidebar-layout":"no-sidebar","site-content-layout":"page-builder","ast-site-content-layout":"full-width-container","site-content-style":"default","site-sidebar-style":"default","ast-global-header-display":"","ast-banner-title-visibility":"","ast-main-header-display":"","ast-hfb-above-header-display":"","ast-hfb-below-header-display":"","ast-hfb-mobile-header-display":"","site-post-title":"disabled","ast-breadcrumbs-content":"","ast-featured-img":"disabled","footer-sml-layout":"","ast-disable-related-posts":"","theme-transparent-header-meta":"","adv-header-id-meta":"","stick-header-meta":"","header-above-stick-meta":"","header-main-stick-meta":"","header-below-stick-meta":"","astra-migrate-meta-layouts":"set","ast-page-background-enabled":"default","ast-page-background-meta":{"desktop":{"background-color":"","background-image":"","background-repeat":"repeat","background-position":"center center","background-size":"auto","background-attachment":"scroll","background-type":"","background-media":"","overlay-type":"","overlay-color":"","overlay-opacity":"","overlay-gradient":""},"tablet":{"background-color":"","background-image":"","background-repeat":"repeat","background-position":"center center","background-size":"auto","background-attachment":"scroll","background-type":"","background-media":"","overlay-type":"","overlay-color":"","overlay-opacity":"","overlay-gradient":""},"mobile":{"background-color":"","background-image":"","background-repeat":"repeat","background-position":"center center","background-size":"auto","background-attachment":"scroll","background-type":"","background-media":"","overlay-type":"","overlay-color":"","overlay-opacity":"","overlay-gradient":""}},"ast-content-background-meta":{"desktop":{"background-color":"var(--ast-global-color-5)","background-image":"","background-repeat":"repeat","background-position":"center center","background-size":"auto","background-attachment":"scroll","background-type":"","background-media":"","overlay-type":"","overlay-color":"","overlay-opacity":"","overlay-gradient":""},"tablet":{"background-color":"var(--ast-global-color-5)","background-image":"","background-repeat":"repeat","background-position":"center center","background-size":"auto","background-attachment":"scroll","background-type":"","background-media":"","overlay-type":"","overlay-color":"","overlay-opacity":"","overlay-gradient":""},"mobile":{"background-color":"var(--ast-global-color-5)","background-image":"","background-repeat":"repeat","background-position":"center center","background-size":"auto","background-attachment":"scroll","background-type":"","background-media":"","overlay-type":"","overlay-color":"","overlay-opacity":"","overlay-gradient":""}},"footnotes":""},"class_list":["post-2215","page","type-page","status-publish","hentry"],"_links":{"self":[{"href":"https:\/\/masmontana.mx\/es\/wp-json\/wp\/v2\/pages\/2215","targetHints":{"allow":["GET"]}}],"collection":[{"href":"https:\/\/masmontana.mx\/es\/wp-json\/wp\/v2\/pages"}],"about":[{"href":"https:\/\/masmontana.mx\/es\/wp-json\/wp\/v2\/types\/page"}],"author":[{"embeddable":true,"href":"https:\/\/masmontana.mx\/es\/wp-json\/wp\/v2\/users\/1"}],"replies":[{"embeddable":true,"href":"https:\/\/masmontana.mx\/es\/wp-json\/wp\/v2\/comments?post=2215"}],"version-history":[{"count":44,"href":"https:\/\/masmontana.mx\/es\/wp-json\/wp\/v2\/pages\/2215\/revisions"}],"predecessor-version":[{"id":2478,"href":"https:\/\/masmontana.mx\/es\/wp-json\/wp\/v2\/pages\/2215\/revisions\/2478"}],"wp:attachment":[{"href":"https:\/\/masmontana.mx\/es\/wp-json\/wp\/v2\/media?parent=2215"}],"curies":[{"name":"wp","href":"https:\/\/api.w.org\/{rel}","templated":true}]}}