{"id":1801,"date":"2024-08-23T18:25:15","date_gmt":"2024-08-24T00:25:15","guid":{"rendered":"https:\/\/masmontana.mx\/?page_id=1801"},"modified":"2025-04-05T10:51:34","modified_gmt":"2025-04-05T16:51:34","slug":"full-mtb-sierra-norte","status":"publish","type":"page","link":"https:\/\/masmontana.mx\/es\/full-mtb-sierra-norte\/","title":{"rendered":"Full MTB Tour en la Sierra Norte de Oaxaca"},"content":{"rendered":"<div data-elementor-type=\"wp-page\" data-elementor-id=\"1801\" class=\"elementor elementor-1801\">\n\t\t\t\t<div class=\"elementor-element elementor-element-fa61c78 e-flex e-con-boxed e-con e-parent\" data-id=\"fa61c78\" data-element_type=\"container\" data-e-type=\"container\">\n\t\t\t\t\t<div class=\"e-con-inner\">\n\t\t\t\t<div class=\"elementor-element elementor-element-872059e elementor-widget elementor-widget-heading\" data-id=\"872059e\" data-element_type=\"widget\" data-e-type=\"widget\" data-widget_type=\"heading.default\">\n\t\t\t\t<div class=\"elementor-widget-container\">\n\t\t\t\t\t<h2 class=\"elementor-heading-title elementor-size-default\"><div><br><\/div>Full MTB Tour en la Sierra Norte de Oaxaca\n<br><\/h2>\t\t\t\t<\/div>\n\t\t\t\t<\/div>\n\t\t\t\t\t<\/div>\n\t\t\t\t<\/div>\n\t\t<div class=\"elementor-element elementor-element-95701e6 e-flex e-con-boxed e-con e-parent\" data-id=\"95701e6\" data-element_type=\"container\" data-e-type=\"container\">\n\t\t\t\t\t<div class=\"e-con-inner\">\n\t\t\t\t<div class=\"elementor-element elementor-element-3440460 elementor-arrows-position-inside elementor-pagination-position-outside elementor-widget elementor-widget-image-carousel\" data-id=\"3440460\" data-element_type=\"widget\" data-e-type=\"widget\" data-settings=\"{&quot;navigation&quot;:&quot;both&quot;,&quot;autoplay&quot;:&quot;yes&quot;,&quot;pause_on_hover&quot;:&quot;yes&quot;,&quot;pause_on_interaction&quot;:&quot;yes&quot;,&quot;autoplay_speed&quot;:5000,&quot;infinite&quot;:&quot;yes&quot;,&quot;speed&quot;:500}\" data-widget_type=\"image-carousel.default\">\n\t\t\t\t<div class=\"elementor-widget-container\">\n\t\t\t\t\t\t\t<div class=\"elementor-image-carousel-wrapper swiper\" role=\"region\" aria-roledescription=\"carousel\" aria-label=\"Carrusel de Im\u00e1genes\" dir=\"ltr\">\n\t\t\t<div class=\"elementor-image-carousel swiper-wrapper\" aria-live=\"off\">\n\t\t\t\t\t\t\t\t<div class=\"swiper-slide\" role=\"group\" aria-roledescription=\"slide\" aria-label=\"1 of 8\"><figure class=\"swiper-slide-inner\"><img decoding=\"async\" class=\"swiper-slide-image\" src=\"https:\/\/masmontana.mx\/wp-content\/uploads\/2024\/08\/mas-montana-full-mtb-tour-sierra-norte-001-768x1024.jpg\" alt=\"mas-montana-full-mtb-tour-sierra-norte-001\" \/><\/figure><\/div><div class=\"swiper-slide\" role=\"group\" aria-roledescription=\"slide\" aria-label=\"2 of 8\"><figure class=\"swiper-slide-inner\"><img decoding=\"async\" class=\"swiper-slide-image\" src=\"https:\/\/masmontana.mx\/wp-content\/uploads\/2024\/08\/mas-montana-full-mtb-tour-sierra-norte-003-768x1024.jpg\" alt=\"mas-montana-full-mtb-tour-sierra-norte-003\" \/><\/figure><\/div><div class=\"swiper-slide\" role=\"group\" aria-roledescription=\"slide\" aria-label=\"3 of 8\"><figure class=\"swiper-slide-inner\"><img decoding=\"async\" class=\"swiper-slide-image\" src=\"https:\/\/masmontana.mx\/wp-content\/uploads\/2024\/08\/mas-montana-full-mtb-tour-sierra-norte-002-768x1024.jpg\" alt=\"mas-montana-full-mtb-tour-sierra-norte-002\" \/><\/figure><\/div><div class=\"swiper-slide\" role=\"group\" aria-roledescription=\"slide\" aria-label=\"4 of 8\"><figure class=\"swiper-slide-inner\"><img decoding=\"async\" class=\"swiper-slide-image\" src=\"https:\/\/masmontana.mx\/wp-content\/uploads\/2024\/08\/mas-montana-full-mtb-tour-sierra-norte-004-768x1024.jpg\" alt=\"mas-montana-full-mtb-tour-sierra-norte-004\" \/><\/figure><\/div><div class=\"swiper-slide\" role=\"group\" aria-roledescription=\"slide\" aria-label=\"5 of 8\"><figure class=\"swiper-slide-inner\"><img decoding=\"async\" class=\"swiper-slide-image\" src=\"https:\/\/masmontana.mx\/wp-content\/uploads\/2024\/08\/mas-montana-full-mtb-tour-sierra-norte-005-768x1024.jpg\" alt=\"mas-montana-full-mtb-tour-sierra-norte-005\" \/><\/figure><\/div><div class=\"swiper-slide\" role=\"group\" aria-roledescription=\"slide\" aria-label=\"6 of 8\"><figure class=\"swiper-slide-inner\"><img decoding=\"async\" class=\"swiper-slide-image\" src=\"https:\/\/masmontana.mx\/wp-content\/uploads\/2024\/08\/mas-montana-full-mtb-tour-sierra-norte-006-768x1024.jpg\" alt=\"mas-montana-full-mtb-tour-sierra-norte-006\" \/><\/figure><\/div><div class=\"swiper-slide\" role=\"group\" aria-roledescription=\"slide\" aria-label=\"7 of 8\"><figure class=\"swiper-slide-inner\"><img decoding=\"async\" class=\"swiper-slide-image\" src=\"https:\/\/masmontana.mx\/wp-content\/uploads\/2024\/08\/mas-montana-full-mtb-tour-sierra-norte-007-768x1024.jpeg\" alt=\"mas-montana-full-mtb-tour-sierra-norte-007\" \/><\/figure><\/div><div class=\"swiper-slide\" role=\"group\" aria-roledescription=\"slide\" aria-label=\"8 of 8\"><figure class=\"swiper-slide-inner\"><img decoding=\"async\" class=\"swiper-slide-image\" src=\"https:\/\/masmontana.mx\/wp-content\/uploads\/2024\/08\/mas-montana-full-mtb-tour-sierra-norte-008-768x1024.jpg\" alt=\"mas-montana-full-mtb-tour-sierra-norte-008\" \/><\/figure><\/div>\t\t\t<\/div>\n\t\t\t\t\t\t\t\t\t\t\t\t<div class=\"elementor-swiper-button elementor-swiper-button-prev\" role=\"button\" tabindex=\"0\">\n\t\t\t\t\t\t<svg aria-hidden=\"true\" class=\"e-font-icon-svg e-eicon-chevron-left\" viewbox=\"0 0 1000 1000\" xmlns=\"http:\/\/www.w3.org\/2000\/svg\"><path d=\"M646 125C629 125 613 133 604 142L308 442C296 454 292 471 292 487 292 504 296 521 308 533L604 854C617 867 629 875 646 875 663 875 679 871 692 858 704 846 713 829 713 812 713 796 708 779 692 767L438 487 692 225C700 217 708 204 708 187 708 171 704 154 692 142 675 129 663 125 646 125Z\"><\/path><\/svg>\t\t\t\t\t<\/div>\n\t\t\t\t\t<div class=\"elementor-swiper-button elementor-swiper-button-next\" role=\"button\" tabindex=\"0\">\n\t\t\t\t\t\t<svg aria-hidden=\"true\" class=\"e-font-icon-svg e-eicon-chevron-right\" viewbox=\"0 0 1000 1000\" xmlns=\"http:\/\/www.w3.org\/2000\/svg\"><path d=\"M696 533C708 521 713 504 713 487 713 471 708 454 696 446L400 146C388 133 375 125 354 125 338 125 325 129 313 142 300 154 292 171 292 187 292 204 296 221 308 233L563 492 304 771C292 783 288 800 288 817 288 833 296 850 308 863 321 871 338 875 354 875 371 875 388 867 400 854L696 533Z\"><\/path><\/svg>\t\t\t\t\t<\/div>\n\t\t\t\t\n\t\t\t\t\t\t\t\t\t<div class=\"swiper-pagination\"><\/div>\n\t\t\t\t\t\t\t\t\t<\/div>\n\t\t\t\t\t\t<\/div>\n\t\t\t\t<\/div>\n\t\t\t\t\t<\/div>\n\t\t\t\t<\/div>\n\t\t<div class=\"elementor-element elementor-element-c309f79 e-flex e-con-boxed e-con e-parent\" data-id=\"c309f79\" data-element_type=\"container\" data-e-type=\"container\">\n\t\t\t\t\t<div class=\"e-con-inner\">\n\t\t<div class=\"elementor-element elementor-element-444dbc2 e-con-full e-flex e-con e-child\" data-id=\"444dbc2\" data-element_type=\"container\" data-e-type=\"container\">\n\t\t<div class=\"elementor-element elementor-element-0164aff e-grid e-con-full e-con e-child\" data-id=\"0164aff\" data-element_type=\"container\" data-e-type=\"container\">\n\t\t\t\t<div class=\"elementor-element elementor-element-93c8352 elementor-widget elementor-widget-text-editor\" data-id=\"93c8352\" data-element_type=\"widget\" data-e-type=\"widget\" data-widget_type=\"text-editor.default\">\n\t\t\t\t<div class=\"elementor-widget-container\">\n\t\t\t\t\t\t\t\t\t<p><strong>Regi\u00f3n:<\/strong> Sierra Norte<br \/><strong>Ubicaci\u00f3n:<\/strong> <a href=\"https:\/\/maps.app.goo.gl\/BzUyJEZhr7p3y27C7\">La Cumbre Ixtepeji<\/a><br \/><strong>Ecosistema:<\/strong> Bosque de Pino-Encino<\/p>\t\t\t\t\t\t\t\t<\/div>\n\t\t\t\t<\/div>\n\t\t\t\t<div class=\"elementor-element elementor-element-7082dda elementor-widget elementor-widget-text-editor\" data-id=\"7082dda\" data-element_type=\"widget\" data-e-type=\"widget\" data-widget_type=\"text-editor.default\">\n\t\t\t\t<div class=\"elementor-widget-container\">\n\t\t\t\t\t\t\t\t\t<p><strong>Duraci\u00f3n: <\/strong>10 horas<br \/><strong>Tama\u00f1o del grupo:<\/strong> 1 - 3 personas<br \/><strong>Precio por persona:<\/strong> $2,100 MXN<\/p>\t\t\t\t\t\t\t\t<\/div>\n\t\t\t\t<\/div>\n\t\t\t\t<div class=\"elementor-element elementor-element-6ae4a84 elementor-widget elementor-widget-text-editor\" data-id=\"6ae4a84\" data-element_type=\"widget\" data-e-type=\"widget\" data-widget_type=\"text-editor.default\">\n\t\t\t\t<div class=\"elementor-widget-container\">\n\t\t\t\t\t\t\t\t\t<p><strong>Dificultad: <\/strong>Avanzado - Experto<strong><br \/>Distancia:<\/strong>\u00a024 km <strong>\/<\/strong>\u00a014 millas<br \/><strong>Elevaci\u00f3n:<\/strong> 2,800-3,240 m <strong>\/<\/strong> 9,186-10,629 ft<br \/><strong>Ascenso:<\/strong> +878 m <strong>\/<\/strong> 2,880 ft<br \/><strong>Descenso:<\/strong> -863 m <strong>\/<\/strong> 2,831 ft<\/p>\t\t\t\t\t\t\t\t<\/div>\n\t\t\t\t<\/div>\n\t\t\t\t<\/div>\n\t\t\t\t<\/div>\n\t\t\t\t\t<\/div>\n\t\t\t\t<\/div>\n\t\t<div class=\"elementor-element elementor-element-61dbf18 e-flex e-con-boxed e-con e-parent\" data-id=\"61dbf18\" data-element_type=\"container\" data-e-type=\"container\">\n\t\t\t\t\t<div class=\"e-con-inner\">\n\t\t\t\t<div class=\"elementor-element elementor-element-bb3a960 elementor-drop-cap-yes elementor-drop-cap-view-default elementor-widget elementor-widget-text-editor\" data-id=\"bb3a960\" data-element_type=\"widget\" data-e-type=\"widget\" data-settings=\"{&quot;drop_cap&quot;:&quot;yes&quot;}\" data-widget_type=\"text-editor.default\">\n\t\t\t\t<div class=\"elementor-widget-container\">\n\t\t\t\t\t\t\t\t\t<p>Prep\u00e1rate para descubrir el bike park del bosque de Ixtepeji en bicicleta y disfrutar de su amplia biodiversidad ubicado a solo 1 hora de la ciudad.<\/p><p>Este bike park es conocido a nivel mundial por sus n\u00fameros trails de Enduro, pero \u00a1qu\u00e9 crees! Tambi\u00e9n es posible hacer un paseo en bicicleta y disfrutar de sus vistas, de estar dentro de \u00e9l y conocerlo de una manera muy diferente, rodando tranquilamente por sus caminos amplios y darnos una dosis de adrenalina con sus descensos en sus trails azules.<\/p><p>Nos veremos en el punto de encuentro a las 8 AM para emprender nuestra aventura a la Sierra Norte, donde llegaremos a desayunar en un peque\u00f1o comedor local y que, en mi opini\u00f3n junto con la de amigos, viajeros, clientes, aqu\u00ed probar\u00e1s las mejores memelas y quesadillas de Oaxaca. Posteriormente, conduciremos otros 15 minutos dentro del bosque para que una vez ah\u00ed, nos preparemos para calentar e iniciar nuestra aventura en bicicleta.<\/p><p>A partir de ese momento nos introduciremos en los senderos de un bosque de pino-encino llenos de adrenalina y vistas incre\u00edbles donde podr\u00e1s poner a prueba tus habilidades en senderos amplios y singletracks, subiendo y bajando la monta\u00f1a con diferentes obst\u00e1culos como piedras o ra\u00edces. La ventaja de esta experiencia es que se adaptar\u00e1 de acuerdo a las habilidades del grupo.<\/p><p>Despu\u00e9s de haber rodado y divertirnos en el bosque, regresaremos a la ciudad de Oaxaca.<\/p><p>Definitivamente este es un tour que vale mucho la pena ya que estar\u00e1 lleno de aventura, colores y sabores.<\/p>\t\t\t\t\t\t\t\t<\/div>\n\t\t\t\t<\/div>\n\t\t\t\t\t<\/div>\n\t\t\t\t<\/div>\n\t\t<div class=\"elementor-element elementor-element-c262fb9 e-flex e-con-boxed e-con e-parent\" data-id=\"c262fb9\" data-element_type=\"container\" data-e-type=\"container\">\n\t\t\t\t\t<div class=\"e-con-inner\">\n\t\t<div class=\"elementor-element elementor-element-896ac2d e-con-full e-flex e-con e-child\" data-id=\"896ac2d\" data-element_type=\"container\" data-e-type=\"container\">\n\t\t<div class=\"elementor-element elementor-element-1a02728 e-con-full e-flex e-con e-child\" data-id=\"1a02728\" data-element_type=\"container\" data-e-type=\"container\">\n\t\t\t\t<div class=\"elementor-element elementor-element-33d9d00 elementor-widget elementor-widget-text-editor\" data-id=\"33d9d00\" data-element_type=\"widget\" data-e-type=\"widget\" data-widget_type=\"text-editor.default\">\n\t\t\t\t<div class=\"elementor-widget-container\">\n\t\t\t\t\t\t\t\t\t<p><strong>I<\/strong>tinerario<\/p><p><span style=\"text-decoration: underline;\">8:00<\/span> Encuentro y traslado a la Sierra Norte<br \/><span style=\"text-decoration: underline;\">9:00<\/span> Desayuno<br \/><span style=\"text-decoration: underline;\">10:15<\/span> Traslado al punto de partida<br \/><span style=\"text-decoration: underline;\">10:30<\/span> \u00a1Vamos a rodar!<br \/><span style=\"text-decoration: underline;\">15:30<\/span> Fin de la rodada<br \/><span style=\"text-decoration: underline;\">16:00<\/span> Traslado a Oaxaca<br \/><span style=\"text-decoration: underline;\">17:00<\/span> Llegada al punto de encuentro<\/p>\t\t\t\t\t\t\t\t<\/div>\n\t\t\t\t<\/div>\n\t\t\t\t<\/div>\n\t\t<div class=\"elementor-element elementor-element-d532a8b e-con-full e-flex e-con e-child\" data-id=\"d532a8b\" data-element_type=\"container\" data-e-type=\"container\">\n\t\t\t\t<div class=\"elementor-element elementor-element-a340da9 elementor-widget elementor-widget-text-editor\" data-id=\"a340da9\" data-element_type=\"widget\" data-e-type=\"widget\" data-widget_type=\"text-editor.default\">\n\t\t\t\t<div class=\"elementor-widget-container\">\n\t\t\t\t\t\t\t\t\t<p><strong>\u00bfQ<\/strong>u\u00e9 est\u00e1 inclu\u00eddo?<\/p><ul><li>Gu\u00eda<\/li><li>Transporte (SUV o Van)<\/li><li>Entradas<\/li><li>Desayuno<\/li><li>Snacks<\/li><li>Bicicleta de monta\u00f1a<\/li><li>Casco<\/li><li>Impermeable<\/li><li>Botella de agua reutilizable<\/li><\/ul>\t\t\t\t\t\t\t\t<\/div>\n\t\t\t\t<\/div>\n\t\t\t\t<\/div>\n\t\t<div class=\"elementor-element elementor-element-e447f20 e-con-full e-flex e-con e-child\" data-id=\"e447f20\" data-element_type=\"container\" data-e-type=\"container\">\n\t\t\t\t<div class=\"elementor-element elementor-element-47e71a4 elementor-widget elementor-widget-text-editor\" data-id=\"47e71a4\" data-element_type=\"widget\" data-e-type=\"widget\" data-widget_type=\"text-editor.default\">\n\t\t\t\t<div class=\"elementor-widget-container\">\n\t\t\t\t\t\t\t\t\t<div><strong>\u00bfQ<\/strong>u\u00e9 debo traer?<\/div><div>\u00a0<\/div><ul><li>Tenis deportivos<\/li><li><span style=\"font-size: 16px;\">Mochila<\/span><\/li><li><span style=\"font-size: 16px;\">Chamarra para fr\u00edo o impermeable <\/span><\/li><li><span style=\"font-size: 16px;\">Botella de agua reutilizable <span style=\"text-decoration: underline;\">(Ay\u00fadanos a reducir el pl\u00e1stico)<\/span><\/span><\/li><\/ul>\t\t\t\t\t\t\t\t<\/div>\n\t\t\t\t<\/div>\n\t\t\t\t<\/div>\n\t\t<div class=\"elementor-element elementor-element-687b47a e-con-full e-flex e-con e-child\" data-id=\"687b47a\" data-element_type=\"container\" data-e-type=\"container\">\n\t\t\t\t<div class=\"elementor-element elementor-element-982647b elementor-widget elementor-widget-text-editor\" data-id=\"982647b\" data-element_type=\"widget\" data-e-type=\"widget\" data-widget_type=\"text-editor.default\">\n\t\t\t\t<div class=\"elementor-widget-container\">\n\t\t\t\t\t\t\t\t\t<p><strong>P<\/strong>ol\u00edticas de cancelaci\u00f3n<\/p><p>Para obtener un reembolso completo, los participantes pueden cancelar hasta <strong>24 horas<\/strong> antes del inicio de la experiencia.<\/p>\t\t\t\t\t\t\t\t<\/div>\n\t\t\t\t<\/div>\n\t\t\t\t<\/div>\n\t\t\t\t<\/div>\n\t\t\t\t\t<\/div>\n\t\t\t\t<\/div>\n\t\t<div class=\"elementor-element elementor-element-8f7b74b e-flex e-con-boxed e-con e-parent\" data-id=\"8f7b74b\" data-element_type=\"container\" data-e-type=\"container\">\n\t\t\t\t\t<div class=\"e-con-inner\">\n\t\t<div class=\"elementor-element elementor-element-859e47b e-con-full e-flex e-con e-child\" data-id=\"859e47b\" data-element_type=\"container\" data-e-type=\"container\">\n\t\t\t\t<div class=\"elementor-element elementor-element-6b00e52 elementor-widget elementor-widget-google_maps\" data-id=\"6b00e52\" data-element_type=\"widget\" data-e-type=\"widget\" data-widget_type=\"google_maps.default\">\n\t\t\t\t<div class=\"elementor-widget-container\">\n\t\t\t\t\t\t\t<div class=\"elementor-custom-embed\">\n\t\t\t<iframe loading=\"lazy\"\n\t\t\t\t\tsrc=\"https:\/\/maps.google.com\/maps?q=M%C3%A1s%20Monta%C3%B1a%2C%20Oaxaca&#038;t=m&#038;z=16&#038;output=embed&#038;iwloc=near\"\n\t\t\t\t\ttitle=\"M\u00e1s Monta\u00f1a, Oaxaca\"\n\t\t\t\t\taria-label=\"M\u00e1s Monta\u00f1a, Oaxaca\"\n\t\t\t><\/iframe>\n\t\t<\/div>\n\t\t\t\t\t\t<\/div>\n\t\t\t\t<\/div>\n\t\t\t\t<\/div>\n\t\t<div class=\"elementor-element elementor-element-4ebee3e e-con-full e-flex e-con e-child\" data-id=\"4ebee3e\" data-element_type=\"container\" data-e-type=\"container\">\n\t\t<div class=\"elementor-element elementor-element-a892923 e-con-full e-flex e-con e-child\" data-id=\"a892923\" data-element_type=\"container\" data-e-type=\"container\">\n\t\t\t\t<div class=\"elementor-element elementor-element-3b3bad0 elementor-align-center elementor-widget elementor-widget-button\" data-id=\"3b3bad0\" data-element_type=\"widget\" data-e-type=\"widget\" data-widget_type=\"button.default\">\n\t\t\t\t<div class=\"elementor-widget-container\">\n\t\t\t\t\t\t\t\t\t<div class=\"elementor-button-wrapper\">\n\t\t\t\t\t<a class=\"elementor-button elementor-button-link elementor-size-sm elementor-animation-grow\" href=\"https:\/\/fareharbor.com\/embeds\/book\/masmontana\/items\/568467\/?full-items=yes&#038;flow=865440\">\n\t\t\t\t\t\t<span class=\"elementor-button-content-wrapper\">\n\t\t\t\t\t\t\t\t\t<span class=\"elementor-button-text\">RESERVA AHORA<\/span>\n\t\t\t\t\t<\/span>\n\t\t\t\t\t<\/a>\n\t\t\t\t<\/div>\n\t\t\t\t\t\t\t\t<\/div>\n\t\t\t\t<\/div>\n\t\t\t\t<\/div>\n\t\t<div class=\"elementor-element elementor-element-6ebf134 e-con-full e-flex e-con e-child\" data-id=\"6ebf134\" data-element_type=\"container\" data-e-type=\"container\">\n\t\t\t\t<div class=\"elementor-element elementor-element-ff1e445 elementor-widget elementor-widget-shortcode\" data-id=\"ff1e445\" data-element_type=\"widget\" data-e-type=\"widget\" data-widget_type=\"shortcode.default\">\n\t\t\t\t<div class=\"elementor-widget-container\">\n\t\t\t\t\t\t\t<div class=\"elementor-shortcode\"><div id=\"TA_cdswritereviewlgvi416\" class=\"TA_cdswritereviewlgvi\">\n<ul id=\"6Ic62Dc9\" class=\"TA_links qw0OJZPlFE\">\n<li id=\"ThBYFYYeCU\" class=\"VvLQIDOPG\">\n<a target=\"_blank\" href=\"https:\/\/www.tripadvisor.com\/\"><img decoding=\"async\" src=\"https:\/\/static.tacdn.com\/img2\/brand_refresh\/Tripadvisor_lockup_horizontal_secondary_registered.svg\" alt=\"TripAdvisor\"\/><\/a>\n<\/li>\n<\/ul>\n<\/div>\n<script async src=\"https:\/\/www.jscache.com\/wejs?wtype=cdswritereviewlgvi&amp;uniq=416&amp;locationId=28270682&amp;lang=en_US&amp;lang=en_US&amp;display_version=2\" data-loadtrk onload=\"this.loadtrk=true\"><\/script><\/div>\n\t\t\t\t\t\t<\/div>\n\t\t\t\t<\/div>\n\t\t\t\t<\/div>\n\t\t\t\t<\/div>\n\t\t\t\t\t<\/div>\n\t\t\t\t<\/div>\n\t\t<div class=\"elementor-element elementor-element-2d9247e e-flex e-con-boxed e-con e-parent\" data-id=\"2d9247e\" data-element_type=\"container\" data-e-type=\"container\">\n\t\t\t\t\t<div class=\"e-con-inner\">\n\t\t\t\t<div class=\"elementor-element elementor-element-861eb3d elementor-widget elementor-widget-spacer\" data-id=\"861eb3d\" data-element_type=\"widget\" data-e-type=\"widget\" data-widget_type=\"spacer.default\">\n\t\t\t\t<div class=\"elementor-widget-container\">\n\t\t\t\t\t\t\t<div class=\"elementor-spacer\">\n\t\t\t<div class=\"elementor-spacer-inner\"><\/div>\n\t\t<\/div>\n\t\t\t\t\t\t<\/div>\n\t\t\t\t<\/div>\n\t\t\t\t\t<\/div>\n\t\t\t\t<\/div>\n\t\t\t\t<\/div>","protected":false},"excerpt":{"rendered":"<p>Full MTB Tour in the Sierra Norte of Oaxaca Region: Sierra NorteLocations: La Cumbre IxtepejiEcosystem: Pine-Oak Forest Duration: 10 hoursGroup size: 1 &#8211; 3 peoplePrice per person: $2,100 MXN Difficulty: Advanced &#8211; ExpertDistance:\u00a024 km \/\u00a014 \u00a0milesElevation: 2,800-3,240 m \/ 9,186-10,629 ftAscend: +878 m \/ 2,880 ftDescent: -863 m \/ 2,831 ft Get ready to discover [&hellip;]<\/p>\n","protected":false},"author":1,"featured_media":0,"parent":0,"menu_order":0,"comment_status":"closed","ping_status":"closed","template":"","meta":{"site-sidebar-layout":"no-sidebar","site-content-layout":"page-builder","ast-site-content-layout":"full-width-container","site-content-style":"default","site-sidebar-style":"default","ast-global-header-display":"","ast-banner-title-visibility":"","ast-main-header-display":"","ast-hfb-above-header-display":"","ast-hfb-below-header-display":"","ast-hfb-mobile-header-display":"","site-post-title":"disabled","ast-breadcrumbs-content":"","ast-featured-img":"disabled","footer-sml-layout":"","ast-disable-related-posts":"","theme-transparent-header-meta":"","adv-header-id-meta":"","stick-header-meta":"","header-above-stick-meta":"","header-main-stick-meta":"","header-below-stick-meta":"","astra-migrate-meta-layouts":"set","ast-page-background-enabled":"default","ast-page-background-meta":{"desktop":{"background-color":"","background-image":"","background-repeat":"repeat","background-position":"center center","background-size":"auto","background-attachment":"scroll","background-type":"","background-media":"","overlay-type":"","overlay-color":"","overlay-opacity":"","overlay-gradient":""},"tablet":{"background-color":"","background-image":"","background-repeat":"repeat","background-position":"center center","background-size":"auto","background-attachment":"scroll","background-type":"","background-media":"","overlay-type":"","overlay-color":"","overlay-opacity":"","overlay-gradient":""},"mobile":{"background-color":"","background-image":"","background-repeat":"repeat","background-position":"center center","background-size":"auto","background-attachment":"scroll","background-type":"","background-media":"","overlay-type":"","overlay-color":"","overlay-opacity":"","overlay-gradient":""}},"ast-content-background-meta":{"desktop":{"background-color":"var(--ast-global-color-5)","background-image":"","background-repeat":"repeat","background-position":"center center","background-size":"auto","background-attachment":"scroll","background-type":"","background-media":"","overlay-type":"","overlay-color":"","overlay-opacity":"","overlay-gradient":""},"tablet":{"background-color":"var(--ast-global-color-5)","background-image":"","background-repeat":"repeat","background-position":"center center","background-size":"auto","background-attachment":"scroll","background-type":"","background-media":"","overlay-type":"","overlay-color":"","overlay-opacity":"","overlay-gradient":""},"mobile":{"background-color":"var(--ast-global-color-5)","background-image":"","background-repeat":"repeat","background-position":"center center","background-size":"auto","background-attachment":"scroll","background-type":"","background-media":"","overlay-type":"","overlay-color":"","overlay-opacity":"","overlay-gradient":""}},"footnotes":""},"class_list":["post-1801","page","type-page","status-publish","hentry"],"_links":{"self":[{"href":"https:\/\/masmontana.mx\/es\/wp-json\/wp\/v2\/pages\/1801","targetHints":{"allow":["GET"]}}],"collection":[{"href":"https:\/\/masmontana.mx\/es\/wp-json\/wp\/v2\/pages"}],"about":[{"href":"https:\/\/masmontana.mx\/es\/wp-json\/wp\/v2\/types\/page"}],"author":[{"embeddable":true,"href":"https:\/\/masmontana.mx\/es\/wp-json\/wp\/v2\/users\/1"}],"replies":[{"embeddable":true,"href":"https:\/\/masmontana.mx\/es\/wp-json\/wp\/v2\/comments?post=1801"}],"version-history":[{"count":118,"href":"https:\/\/masmontana.mx\/es\/wp-json\/wp\/v2\/pages\/1801\/revisions"}],"predecessor-version":[{"id":2669,"href":"https:\/\/masmontana.mx\/es\/wp-json\/wp\/v2\/pages\/1801\/revisions\/2669"}],"wp:attachment":[{"href":"https:\/\/masmontana.mx\/es\/wp-json\/wp\/v2\/media?parent=1801"}],"curies":[{"name":"wp","href":"https:\/\/api.w.org\/{rel}","templated":true}]}}