{"id":1676,"date":"2024-08-06T14:12:56","date_gmt":"2024-08-06T20:12:56","guid":{"rendered":"https:\/\/masmontana.mx\/?page_id=1676"},"modified":"2025-04-19T11:49:10","modified_gmt":"2025-04-19T17:49:10","slug":"bike-art","status":"publish","type":"page","link":"https:\/\/masmontana.mx\/es\/bike-art\/","title":{"rendered":"Bike &amp; Art"},"content":{"rendered":"<div data-elementor-type=\"wp-page\" data-elementor-id=\"1676\" class=\"elementor elementor-1676\">\n\t\t\t\t<div class=\"elementor-element elementor-element-d0947a3 e-flex e-con-boxed e-con e-parent\" data-id=\"d0947a3\" data-element_type=\"container\" data-e-type=\"container\">\n\t\t\t\t\t<div class=\"e-con-inner\">\n\t\t\t\t<div class=\"elementor-element elementor-element-3f2f80b elementor-widget elementor-widget-heading\" data-id=\"3f2f80b\" data-element_type=\"widget\" data-e-type=\"widget\" data-widget_type=\"heading.default\">\n\t\t\t\t<div class=\"elementor-widget-container\">\n\t\t\t\t\t<h2 class=\"elementor-heading-title elementor-size-default\"><br>Bici &amp; Arte: de El Tule a Teotitl\u00e1n del Valle<br><\/h2>\t\t\t\t<\/div>\n\t\t\t\t<\/div>\n\t\t\t\t\t<\/div>\n\t\t\t\t<\/div>\n\t\t<div class=\"elementor-element elementor-element-98bf8c7 e-flex e-con-boxed e-con e-parent\" data-id=\"98bf8c7\" data-element_type=\"container\" data-e-type=\"container\">\n\t\t\t\t\t<div class=\"e-con-inner\">\n\t\t\t\t<div class=\"elementor-element elementor-element-9f5f060 elementor-arrows-position-inside elementor-pagination-position-outside elementor-widget elementor-widget-image-carousel\" data-id=\"9f5f060\" data-element_type=\"widget\" data-e-type=\"widget\" data-settings=\"{&quot;navigation&quot;:&quot;both&quot;,&quot;autoplay&quot;:&quot;yes&quot;,&quot;pause_on_hover&quot;:&quot;yes&quot;,&quot;pause_on_interaction&quot;:&quot;yes&quot;,&quot;autoplay_speed&quot;:5000,&quot;infinite&quot;:&quot;yes&quot;,&quot;speed&quot;:500}\" data-widget_type=\"image-carousel.default\">\n\t\t\t\t<div class=\"elementor-widget-container\">\n\t\t\t\t\t\t\t<div class=\"elementor-image-carousel-wrapper swiper\" role=\"region\" aria-roledescription=\"carousel\" aria-label=\"Carrusel de Im\u00e1genes\" dir=\"ltr\">\n\t\t\t<div class=\"elementor-image-carousel swiper-wrapper\" aria-live=\"off\">\n\t\t\t\t\t\t\t\t<div class=\"swiper-slide\" role=\"group\" aria-roledescription=\"slide\" aria-label=\"1 of 21\"><figure class=\"swiper-slide-inner\"><img decoding=\"async\" class=\"swiper-slide-image\" src=\"https:\/\/masmontana.mx\/wp-content\/uploads\/2024\/08\/mas-montana-bike-ride-003-768x1024.jpg\" alt=\"mas-montana-bike-ride-003\" \/><\/figure><\/div><div class=\"swiper-slide\" role=\"group\" aria-roledescription=\"slide\" aria-label=\"2 of 21\"><figure class=\"swiper-slide-inner\"><img decoding=\"async\" class=\"swiper-slide-image\" src=\"https:\/\/masmontana.mx\/wp-content\/uploads\/2025\/04\/IMG_0802-768x1024.jpg\" alt=\"IMG_0802\" \/><\/figure><\/div><div class=\"swiper-slide\" role=\"group\" aria-roledescription=\"slide\" aria-label=\"3 of 21\"><figure class=\"swiper-slide-inner\"><img decoding=\"async\" class=\"swiper-slide-image\" src=\"https:\/\/masmontana.mx\/wp-content\/uploads\/2024\/08\/mas-montana-bike-ride-013-768x1024.jpeg\" alt=\"mas-montana-bike-ride-013\" \/><\/figure><\/div><div class=\"swiper-slide\" role=\"group\" aria-roledescription=\"slide\" aria-label=\"4 of 21\"><figure class=\"swiper-slide-inner\"><img decoding=\"async\" class=\"swiper-slide-image\" src=\"https:\/\/masmontana.mx\/wp-content\/uploads\/2024\/08\/mas-montana-bike-art-tule-teotitlan-003.heic\" alt=\"mas-montana-bike-art-tule-teotitlan-003\" \/><\/figure><\/div><div class=\"swiper-slide\" role=\"group\" aria-roledescription=\"slide\" aria-label=\"5 of 21\"><figure class=\"swiper-slide-inner\"><img decoding=\"async\" class=\"swiper-slide-image\" src=\"https:\/\/masmontana.mx\/wp-content\/uploads\/2024\/08\/mas-montana-bike-ride-007-768x1024.jpeg\" alt=\"mas-montana-bike-ride-007\" \/><\/figure><\/div><div class=\"swiper-slide\" role=\"group\" aria-roledescription=\"slide\" aria-label=\"6 of 21\"><figure class=\"swiper-slide-inner\"><img decoding=\"async\" class=\"swiper-slide-image\" src=\"https:\/\/masmontana.mx\/wp-content\/uploads\/2024\/08\/mas-montana-bike-ride-001-768x1024.jpg\" alt=\"mas-montana-bike-ride-001\" \/><\/figure><\/div><div class=\"swiper-slide\" role=\"group\" aria-roledescription=\"slide\" aria-label=\"7 of 21\"><figure class=\"swiper-slide-inner\"><img decoding=\"async\" class=\"swiper-slide-image\" src=\"https:\/\/masmontana.mx\/wp-content\/uploads\/2024\/08\/IMG_6220-768x1024.jpg\" alt=\"IMG_6220\" \/><\/figure><\/div><div class=\"swiper-slide\" role=\"group\" aria-roledescription=\"slide\" aria-label=\"8 of 21\"><figure class=\"swiper-slide-inner\"><img decoding=\"async\" class=\"swiper-slide-image\" src=\"https:\/\/masmontana.mx\/wp-content\/uploads\/2024\/08\/mas-montana-bike-ride-002-768x1024.jpg\" alt=\"mas-montana-bike-ride-002\" \/><\/figure><\/div><div class=\"swiper-slide\" role=\"group\" aria-roledescription=\"slide\" aria-label=\"9 of 21\"><figure class=\"swiper-slide-inner\"><img decoding=\"async\" class=\"swiper-slide-image\" src=\"https:\/\/masmontana.mx\/wp-content\/uploads\/2024\/08\/mas-montana-bike-ride-004-768x1024.jpg\" alt=\"mas-montana-bike-ride-004\" \/><\/figure><\/div><div class=\"swiper-slide\" role=\"group\" aria-roledescription=\"slide\" aria-label=\"10 of 21\"><figure class=\"swiper-slide-inner\"><img decoding=\"async\" class=\"swiper-slide-image\" src=\"https:\/\/masmontana.mx\/wp-content\/uploads\/2024\/08\/mas-montana-bike-ride-006-768x1024.jpeg\" alt=\"mas-montana-bike-ride-006\" \/><\/figure><\/div><div class=\"swiper-slide\" role=\"group\" aria-roledescription=\"slide\" aria-label=\"11 of 21\"><figure class=\"swiper-slide-inner\"><img decoding=\"async\" class=\"swiper-slide-image\" src=\"https:\/\/masmontana.mx\/wp-content\/uploads\/2024\/08\/mas-montana-bike-ride-009-996x1024.jpeg\" alt=\"mas-montana-bike-ride-009\" \/><\/figure><\/div><div class=\"swiper-slide\" role=\"group\" aria-roledescription=\"slide\" aria-label=\"12 of 21\"><figure class=\"swiper-slide-inner\"><img decoding=\"async\" class=\"swiper-slide-image\" src=\"https:\/\/masmontana.mx\/wp-content\/uploads\/2024\/08\/mas-montana-bike-ride-016-768x1024.jpg\" alt=\"mas-montana-bike-ride-016\" \/><\/figure><\/div><div class=\"swiper-slide\" role=\"group\" aria-roledescription=\"slide\" aria-label=\"13 of 21\"><figure class=\"swiper-slide-inner\"><img decoding=\"async\" class=\"swiper-slide-image\" src=\"https:\/\/masmontana.mx\/wp-content\/uploads\/2024\/08\/mas-montana-bike-ride-005-768x1024.jpg\" alt=\"mas-montana-bike-ride-005\" \/><\/figure><\/div><div class=\"swiper-slide\" role=\"group\" aria-roledescription=\"slide\" aria-label=\"14 of 21\"><figure class=\"swiper-slide-inner\"><img decoding=\"async\" class=\"swiper-slide-image\" src=\"https:\/\/masmontana.mx\/wp-content\/uploads\/2024\/08\/mas-montana-bike-ride-012-768x1024.jpeg\" alt=\"mas-montana-bike-ride-012\" \/><\/figure><\/div><div class=\"swiper-slide\" role=\"group\" aria-roledescription=\"slide\" aria-label=\"15 of 21\"><figure class=\"swiper-slide-inner\"><img decoding=\"async\" class=\"swiper-slide-image\" src=\"https:\/\/masmontana.mx\/wp-content\/uploads\/2025\/04\/IMG_5898-768x1024.jpg\" alt=\"IMG_5898\" \/><\/figure><\/div><div class=\"swiper-slide\" role=\"group\" aria-roledescription=\"slide\" aria-label=\"16 of 21\"><figure class=\"swiper-slide-inner\"><img decoding=\"async\" class=\"swiper-slide-image\" src=\"https:\/\/masmontana.mx\/wp-content\/uploads\/2024\/08\/mas-montana-bike-ride-008-768x1024.jpeg\" alt=\"mas-montana-bike-ride-008\" \/><\/figure><\/div><div class=\"swiper-slide\" role=\"group\" aria-roledescription=\"slide\" aria-label=\"17 of 21\"><figure class=\"swiper-slide-inner\"><img decoding=\"async\" class=\"swiper-slide-image\" src=\"https:\/\/masmontana.mx\/wp-content\/uploads\/2024\/08\/mas-montana-bike-ride-010-768x1024.jpeg\" alt=\"mas-montana-bike-ride-010\" \/><\/figure><\/div><div class=\"swiper-slide\" role=\"group\" aria-roledescription=\"slide\" aria-label=\"18 of 21\"><figure class=\"swiper-slide-inner\"><img decoding=\"async\" class=\"swiper-slide-image\" src=\"https:\/\/masmontana.mx\/wp-content\/uploads\/2024\/08\/mas-montana-bike-ride-011-768x1024.jpg\" alt=\"mas-montana-bike-ride-011\" \/><\/figure><\/div><div class=\"swiper-slide\" role=\"group\" aria-roledescription=\"slide\" aria-label=\"19 of 21\"><figure class=\"swiper-slide-inner\"><img decoding=\"async\" class=\"swiper-slide-image\" src=\"https:\/\/masmontana.mx\/wp-content\/uploads\/2024\/08\/mas-montana-bike-ride-015-768x1024.jpeg\" alt=\"mas-montana-bike-ride-015\" \/><\/figure><\/div><div class=\"swiper-slide\" role=\"group\" aria-roledescription=\"slide\" aria-label=\"20 of 21\"><figure class=\"swiper-slide-inner\"><img decoding=\"async\" class=\"swiper-slide-image\" src=\"https:\/\/masmontana.mx\/wp-content\/uploads\/2024\/08\/mas-montana-bike-ride-017-768x1024.jpeg\" alt=\"mas-montana-bike-ride-017\" \/><\/figure><\/div><div class=\"swiper-slide\" role=\"group\" aria-roledescription=\"slide\" aria-label=\"21 of 21\"><figure class=\"swiper-slide-inner\"><img decoding=\"async\" class=\"swiper-slide-image\" src=\"https:\/\/masmontana.mx\/wp-content\/uploads\/2024\/08\/mas-montana-bike-ride-019-768x1024.jpeg\" alt=\"mas-montana-bike-ride-019\" \/><\/figure><\/div>\t\t\t<\/div>\n\t\t\t\t\t\t\t\t\t\t\t\t<div class=\"elementor-swiper-button elementor-swiper-button-prev\" role=\"button\" tabindex=\"0\">\n\t\t\t\t\t\t<svg aria-hidden=\"true\" class=\"e-font-icon-svg e-eicon-chevron-left\" viewbox=\"0 0 1000 1000\" xmlns=\"http:\/\/www.w3.org\/2000\/svg\"><path d=\"M646 125C629 125 613 133 604 142L308 442C296 454 292 471 292 487 292 504 296 521 308 533L604 854C617 867 629 875 646 875 663 875 679 871 692 858 704 846 713 829 713 812 713 796 708 779 692 767L438 487 692 225C700 217 708 204 708 187 708 171 704 154 692 142 675 129 663 125 646 125Z\"><\/path><\/svg>\t\t\t\t\t<\/div>\n\t\t\t\t\t<div class=\"elementor-swiper-button elementor-swiper-button-next\" role=\"button\" tabindex=\"0\">\n\t\t\t\t\t\t<svg aria-hidden=\"true\" class=\"e-font-icon-svg e-eicon-chevron-right\" viewbox=\"0 0 1000 1000\" xmlns=\"http:\/\/www.w3.org\/2000\/svg\"><path d=\"M696 533C708 521 713 504 713 487 713 471 708 454 696 446L400 146C388 133 375 125 354 125 338 125 325 129 313 142 300 154 292 171 292 187 292 204 296 221 308 233L563 492 304 771C292 783 288 800 288 817 288 833 296 850 308 863 321 871 338 875 354 875 371 875 388 867 400 854L696 533Z\"><\/path><\/svg>\t\t\t\t\t<\/div>\n\t\t\t\t\n\t\t\t\t\t\t\t\t\t<div class=\"swiper-pagination\"><\/div>\n\t\t\t\t\t\t\t\t\t<\/div>\n\t\t\t\t\t\t<\/div>\n\t\t\t\t<\/div>\n\t\t\t\t\t<\/div>\n\t\t\t\t<\/div>\n\t\t<div class=\"elementor-element elementor-element-5ef5802 e-grid e-con-boxed e-con e-parent\" data-id=\"5ef5802\" data-element_type=\"container\" data-e-type=\"container\">\n\t\t\t\t\t<div class=\"e-con-inner\">\n\t\t\t\t<div class=\"elementor-element elementor-element-9a5f952 elementor-widget elementor-widget-text-editor\" data-id=\"9a5f952\" data-element_type=\"widget\" data-e-type=\"widget\" data-widget_type=\"text-editor.default\">\n\t\t\t\t<div class=\"elementor-widget-container\">\n\t\t\t\t\t\t\t\t\t<p><strong>Regi\u00f3n:<\/strong> Valles Centrales<br \/><strong>Ubicaci\u00f3n:<\/strong> <a href=\"https:\/\/maps.app.goo.gl\/DdBLNg2AuHMotLgz7\">Santa Maria del Tule<\/a> y <a href=\"https:\/\/maps.app.goo.gl\/Tue9mg5xzVzYDHCcA\">Teotitl\u00e1n del Valle<\/a><br \/><strong>Ecosistema:<\/strong> Matorral xer\u00f3filo, pastizales inducidos y \u00e1reas rurales<\/p><p>\u00a0<\/p>\t\t\t\t\t\t\t\t<\/div>\n\t\t\t\t<\/div>\n\t\t\t\t<div class=\"elementor-element elementor-element-81310c4 elementor-widget elementor-widget-text-editor\" data-id=\"81310c4\" data-element_type=\"widget\" data-e-type=\"widget\" data-widget_type=\"text-editor.default\">\n\t\t\t\t<div class=\"elementor-widget-container\">\n\t\t\t\t\t\t\t\t\t<p><strong style=\"caret-color: #000000; color: #000000;\">Duraci\u00f3n:<\/strong> 6 \u2013 7 horas<br \/><strong>Tama\u00f1o del grupo:<\/strong> 1 - 3 personas<br \/><strong>Precio por persona:<\/strong> $1,100 MXN<\/p>\t\t\t\t\t\t\t\t<\/div>\n\t\t\t\t<\/div>\n\t\t\t\t<div class=\"elementor-element elementor-element-58bc727 elementor-widget elementor-widget-text-editor\" data-id=\"58bc727\" data-element_type=\"widget\" data-e-type=\"widget\" data-widget_type=\"text-editor.default\">\n\t\t\t\t<div class=\"elementor-widget-container\">\n\t\t\t\t\t\t\t\t\t<p><strong>Dificultad: <\/strong>Intermedio<strong><br \/>Distancia:<\/strong> 38 to 40 km <strong>\/<\/strong> 23 millas<br \/><strong>Elevaci\u00f3n:<\/strong> 1,560-1,680 m <strong>\/<\/strong> 5,118-5,511 ft<br \/><strong>Ascenso:<\/strong> +206 m <strong>\/<\/strong> 675 ft<br \/><strong>Descenso:<\/strong> -188 m <strong>\/<\/strong> 616 ft<\/p>\t\t\t\t\t\t\t\t<\/div>\n\t\t\t\t<\/div>\n\t\t\t\t\t<\/div>\n\t\t\t\t<\/div>\n\t\t<div class=\"elementor-element elementor-element-526d1b8 e-flex e-con-boxed e-con e-parent\" data-id=\"526d1b8\" data-element_type=\"container\" data-e-type=\"container\">\n\t\t\t\t\t<div class=\"e-con-inner\">\n\t\t\t\t<div class=\"elementor-element elementor-element-51c0767 elementor-drop-cap-yes elementor-drop-cap-view-default elementor-widget elementor-widget-text-editor\" data-id=\"51c0767\" data-element_type=\"widget\" data-e-type=\"widget\" data-settings=\"{&quot;drop_cap&quot;:&quot;yes&quot;}\" data-widget_type=\"text-editor.default\">\n\t\t\t\t<div class=\"elementor-widget-container\">\n\t\t\t\t\t\t\t\t\t<p>Rueda desde el \u00e1rbol de El Tule hasta Teotitl\u00e1n del Valle, un m\u00e1gico pueblo ubicado a 30 kil\u00f3metros del Centro donde ver\u00e1s la vida cotidiana de los diferentes pueblos.<\/p><p>Nos veremos a las 7 AM en el parque El Llano en donde nos trasladaremos a El Tule en aproximadamente 30 minutos. Estando ah\u00ed, nos prepararemos para iniciar nuestra rodada de aproximadamente 15-20 km hacia Teotitl\u00e1n del Valle.<\/p><p>La rodada en total ser\u00e1n 40 kil\u00f3metros aproximadamente con subidas y bajadas muy tranquilas entre senderos de terracer\u00eda y zonas pavimentadas.<\/p><p>Al llegar a Teotitl\u00e1n, visitaremos sus lugares representativos como el centro, la iglesia, el mercado y su zona arqueol\u00f3gica para despu\u00e9s visitar a las familias de artesanos de tapetes tradicionales y velas. Nos platicar\u00e1n acerca de sus tradiciones y proceso de cada arte que se dedican.<\/p><p>Al terminar nuestra visita en esta m\u00e1gica comunidad, rodaremos de regreso a El Tule en donde veremos el \u00e1rbol y as\u00ed regresar a la ciudad.<\/p>\t\t\t\t\t\t\t\t<\/div>\n\t\t\t\t<\/div>\n\t\t\t\t\t<\/div>\n\t\t\t\t<\/div>\n\t\t<div class=\"elementor-element elementor-element-50bd16d e-flex e-con-boxed e-con e-parent\" data-id=\"50bd16d\" data-element_type=\"container\" data-e-type=\"container\">\n\t\t\t\t\t<div class=\"e-con-inner\">\n\t\t<div class=\"elementor-element elementor-element-42b0015 e-con-full e-flex e-con e-child\" data-id=\"42b0015\" data-element_type=\"container\" data-e-type=\"container\">\n\t\t\t\t<div class=\"elementor-element elementor-element-01680a8 elementor-widget elementor-widget-text-editor\" data-id=\"01680a8\" data-element_type=\"widget\" data-e-type=\"widget\" data-widget_type=\"text-editor.default\">\n\t\t\t\t<div class=\"elementor-widget-container\">\n\t\t\t\t\t\t\t\t\t<p><strong>I<\/strong>tinerario<\/p><p><span style=\"text-decoration: underline;\">7:00<\/span> Encuentro y traslado a El Tule<br \/><span style=\"text-decoration: underline;\">7:40<\/span> \u00a1Vamos a rodar!<br \/><span style=\"text-decoration: underline;\">10:00<\/span> Llegada a Teotitl\u00e1n del Valle<br \/><span style=\"text-decoration: underline;\">10:30<\/span> Visit to the village and artisans<br \/><span style=\"text-decoration: underline;\">12:00<\/span> Regreso en bici a El Tule<br \/><span style=\"text-decoration: underline;\">13:30<\/span> Traslado a Oaxaca<br \/><span style=\"text-decoration: underline;\">14:00<\/span> Llegada al punto de encuentro<\/p>\t\t\t\t\t\t\t\t<\/div>\n\t\t\t\t<\/div>\n\t\t\t\t<\/div>\n\t\t<div class=\"elementor-element elementor-element-edb2970 e-con-full e-flex e-con e-child\" data-id=\"edb2970\" data-element_type=\"container\" data-e-type=\"container\">\n\t\t\t\t<div class=\"elementor-element elementor-element-3c2daff elementor-widget elementor-widget-text-editor\" data-id=\"3c2daff\" data-element_type=\"widget\" data-e-type=\"widget\" data-widget_type=\"text-editor.default\">\n\t\t\t\t<div class=\"elementor-widget-container\">\n\t\t\t\t\t\t\t\t\t<p><strong>\u00bfQ<\/strong>u\u00e9 est\u00e1 inclu\u00eddo?<\/p><ul><li>Gu\u00eda<\/li><li>Transporte (SUV o Van)<\/li><li>Snacks<\/li><li>Bicicleta de monta\u00f1a<\/li><li>Casco<\/li><li>Impermeable<\/li><li>Botella de agua reutilizable<\/li><\/ul>\t\t\t\t\t\t\t\t<\/div>\n\t\t\t\t<\/div>\n\t\t\t\t<\/div>\n\t\t<div class=\"elementor-element elementor-element-ec8afb2 e-con-full e-flex e-con e-child\" data-id=\"ec8afb2\" data-element_type=\"container\" data-e-type=\"container\">\n\t\t\t\t<div class=\"elementor-element elementor-element-2cde69f elementor-widget elementor-widget-text-editor\" data-id=\"2cde69f\" data-element_type=\"widget\" data-e-type=\"widget\" data-widget_type=\"text-editor.default\">\n\t\t\t\t<div class=\"elementor-widget-container\">\n\t\t\t\t\t\t\t\t\t<div><strong>\u00bfQ<\/strong>u\u00e9 debo traer?<\/div><div>\u00a0<\/div><ul><li>Tenis deportivos<\/li><li><span style=\"font-size: 16px;\">Mochila<\/span><\/li><li>Efectivo<\/li><li><span style=\"font-size: 16px;\">Chamarra para fr\u00edo o impermeable <\/span><\/li><li><span style=\"font-size: 16px;\">Botella de agua reutilizable <span style=\"text-decoration: underline;\">(Ay\u00fadanos a reducir el pl\u00e1stico)<\/span><\/span><\/li><\/ul>\t\t\t\t\t\t\t\t<\/div>\n\t\t\t\t<\/div>\n\t\t\t\t<\/div>\n\t\t<div class=\"elementor-element elementor-element-670e887 e-con-full e-flex e-con e-child\" data-id=\"670e887\" data-element_type=\"container\" data-e-type=\"container\">\n\t\t\t\t<div class=\"elementor-element elementor-element-90501a2 elementor-widget elementor-widget-text-editor\" data-id=\"90501a2\" data-element_type=\"widget\" data-e-type=\"widget\" data-widget_type=\"text-editor.default\">\n\t\t\t\t<div class=\"elementor-widget-container\">\n\t\t\t\t\t\t\t\t\t<p><strong>P<\/strong>ol\u00edticas de cancelaci\u00f3n<\/p><p>Para obtener un reembolso completo, los participantes pueden cancelar hasta <strong>24 horas<\/strong> antes del inicio de la experiencia.<\/p>\t\t\t\t\t\t\t\t<\/div>\n\t\t\t\t<\/div>\n\t\t\t\t<\/div>\n\t\t\t\t\t<\/div>\n\t\t\t\t<\/div>\n\t\t<div class=\"elementor-element elementor-element-00ff182 e-flex e-con-boxed e-con e-parent\" data-id=\"00ff182\" data-element_type=\"container\" data-e-type=\"container\">\n\t\t\t\t\t<div class=\"e-con-inner\">\n\t\t<div class=\"elementor-element elementor-element-3274163 e-con-full e-flex e-con e-child\" data-id=\"3274163\" data-element_type=\"container\" data-e-type=\"container\">\n\t\t\t\t<div class=\"elementor-element elementor-element-280dff1 elementor-widget elementor-widget-google_maps\" data-id=\"280dff1\" data-element_type=\"widget\" data-e-type=\"widget\" data-widget_type=\"google_maps.default\">\n\t\t\t\t<div class=\"elementor-widget-container\">\n\t\t\t\t\t\t\t<div class=\"elementor-custom-embed\">\n\t\t\t<iframe loading=\"lazy\"\n\t\t\t\t\tsrc=\"https:\/\/maps.google.com\/maps?q=M%C3%A1s%20Monta%C3%B1a%2C%20Oaxaca&#038;t=m&#038;z=16&#038;output=embed&#038;iwloc=near\"\n\t\t\t\t\ttitle=\"M\u00e1s Monta\u00f1a, Oaxaca\"\n\t\t\t\t\taria-label=\"M\u00e1s Monta\u00f1a, Oaxaca\"\n\t\t\t><\/iframe>\n\t\t<\/div>\n\t\t\t\t\t\t<\/div>\n\t\t\t\t<\/div>\n\t\t\t\t<\/div>\n\t\t<div class=\"elementor-element elementor-element-77f60e3 e-con-full e-flex e-con e-child\" data-id=\"77f60e3\" data-element_type=\"container\" data-e-type=\"container\">\n\t\t<div class=\"elementor-element elementor-element-0044c5e e-con-full e-flex e-con e-child\" data-id=\"0044c5e\" data-element_type=\"container\" data-e-type=\"container\">\n\t\t\t\t<div class=\"elementor-element elementor-element-cd5fa08 elementor-align-center elementor-widget elementor-widget-button\" data-id=\"cd5fa08\" data-element_type=\"widget\" data-e-type=\"widget\" data-widget_type=\"button.default\">\n\t\t\t\t<div class=\"elementor-widget-container\">\n\t\t\t\t\t\t\t\t\t<div class=\"elementor-button-wrapper\">\n\t\t\t\t\t<a class=\"elementor-button elementor-button-link elementor-size-sm elementor-animation-grow\" href=\"https:\/\/fareharbor.com\/embeds\/book\/masmontana\/items\/568434\/?full-items=yes&#038;flow=865440\">\n\t\t\t\t\t\t<span class=\"elementor-button-content-wrapper\">\n\t\t\t\t\t\t\t\t\t<span class=\"elementor-button-text\">RESERVA AHORA<\/span>\n\t\t\t\t\t<\/span>\n\t\t\t\t\t<\/a>\n\t\t\t\t<\/div>\n\t\t\t\t\t\t\t\t<\/div>\n\t\t\t\t<\/div>\n\t\t\t\t<\/div>\n\t\t<div class=\"elementor-element elementor-element-a5779fb e-con-full e-flex e-con e-child\" data-id=\"a5779fb\" data-element_type=\"container\" data-e-type=\"container\">\n\t\t\t\t<div class=\"elementor-element elementor-element-2a2f867 elementor-widget elementor-widget-shortcode\" data-id=\"2a2f867\" data-element_type=\"widget\" data-e-type=\"widget\" data-widget_type=\"shortcode.default\">\n\t\t\t\t<div class=\"elementor-widget-container\">\n\t\t\t\t\t\t\t<div class=\"elementor-shortcode\"><div id=\"TA_cdswritereviewlgvi78\" class=\"TA_cdswritereviewlgvi\">\n<ul id=\"OF7vSVLhR\" class=\"TA_links WER3qQ76ZS\">\n<li id=\"9q0Szhb7O\" class=\"SHs9l8\">\n<a target=\"_blank\" href=\"https:\/\/www.tripadvisor.com\/\"><img decoding=\"async\" src=\"https:\/\/static.tacdn.com\/img2\/brand_refresh\/Tripadvisor_lockup_horizontal_secondary_registered.svg\" alt=\"TripAdvisor\"\/><\/a>\n<\/li>\n<\/ul>\n<\/div>\n<script async src=\"https:\/\/www.jscache.com\/wejs?wtype=cdswritereviewlgvi&amp;uniq=78&amp;locationId=28150824&amp;lang=en_US&amp;lang=en_US&amp;display_version=2\" data-loadtrk onload=\"this.loadtrk=true\"><\/script>\n<\/div>\n\t\t\t\t\t\t<\/div>\n\t\t\t\t<\/div>\n\t\t\t\t<\/div>\n\t\t\t\t<\/div>\n\t\t\t\t\t<\/div>\n\t\t\t\t<\/div>\n\t\t<div class=\"elementor-element elementor-element-93b0e74 e-flex e-con-boxed e-con e-parent\" data-id=\"93b0e74\" data-element_type=\"container\" data-e-type=\"container\">\n\t\t\t\t\t<div class=\"e-con-inner\">\n\t\t\t\t<div class=\"elementor-element elementor-element-91fa825 elementor-widget elementor-widget-spacer\" data-id=\"91fa825\" data-element_type=\"widget\" data-e-type=\"widget\" data-widget_type=\"spacer.default\">\n\t\t\t\t<div class=\"elementor-widget-container\">\n\t\t\t\t\t\t\t<div class=\"elementor-spacer\">\n\t\t\t<div class=\"elementor-spacer-inner\"><\/div>\n\t\t<\/div>\n\t\t\t\t\t\t<\/div>\n\t\t\t\t<\/div>\n\t\t\t\t\t<\/div>\n\t\t\t\t<\/div>\n\t\t\t\t<\/div>","protected":false},"excerpt":{"rendered":"<p>Bike &amp; Art: fROM EL TULE TO Teotitl\u00e1n del valle Region: Central ValleysLocation: Santa Maria del Tule and Teotitl\u00e1n del ValleEcosystem: Xerophilous scrub, induced grassland and urban areas \u00a0 Duration: 6 &#8211; 7 hoursGroup size: 1 &#8211; 3 peoplePrice per person: $1,100 MXN Difficulty: IntermediateDistance: 38 to 40 km \/ 23 milesElevation: 1,560-1,680 m \/ [&hellip;]<\/p>\n","protected":false},"author":1,"featured_media":0,"parent":0,"menu_order":0,"comment_status":"closed","ping_status":"closed","template":"","meta":{"site-sidebar-layout":"no-sidebar","site-content-layout":"page-builder","ast-site-content-layout":"full-width-container","site-content-style":"default","site-sidebar-style":"default","ast-global-header-display":"","ast-banner-title-visibility":"","ast-main-header-display":"","ast-hfb-above-header-display":"","ast-hfb-below-header-display":"","ast-hfb-mobile-header-display":"","site-post-title":"disabled","ast-breadcrumbs-content":"","ast-featured-img":"disabled","footer-sml-layout":"","ast-disable-related-posts":"","theme-transparent-header-meta":"","adv-header-id-meta":"","stick-header-meta":"","header-above-stick-meta":"","header-main-stick-meta":"","header-below-stick-meta":"","astra-migrate-meta-layouts":"set","ast-page-background-enabled":"default","ast-page-background-meta":{"desktop":{"background-color":"","background-image":"","background-repeat":"repeat","background-position":"center center","background-size":"auto","background-attachment":"scroll","background-type":"","background-media":"","overlay-type":"","overlay-color":"","overlay-opacity":"","overlay-gradient":""},"tablet":{"background-color":"","background-image":"","background-repeat":"repeat","background-position":"center center","background-size":"auto","background-attachment":"scroll","background-type":"","background-media":"","overlay-type":"","overlay-color":"","overlay-opacity":"","overlay-gradient":""},"mobile":{"background-color":"","background-image":"","background-repeat":"repeat","background-position":"center center","background-size":"auto","background-attachment":"scroll","background-type":"","background-media":"","overlay-type":"","overlay-color":"","overlay-opacity":"","overlay-gradient":""}},"ast-content-background-meta":{"desktop":{"background-color":"var(--ast-global-color-5)","background-image":"","background-repeat":"repeat","background-position":"center center","background-size":"auto","background-attachment":"scroll","background-type":"","background-media":"","overlay-type":"","overlay-color":"","overlay-opacity":"","overlay-gradient":""},"tablet":{"background-color":"var(--ast-global-color-5)","background-image":"","background-repeat":"repeat","background-position":"center center","background-size":"auto","background-attachment":"scroll","background-type":"","background-media":"","overlay-type":"","overlay-color":"","overlay-opacity":"","overlay-gradient":""},"mobile":{"background-color":"var(--ast-global-color-5)","background-image":"","background-repeat":"repeat","background-position":"center center","background-size":"auto","background-attachment":"scroll","background-type":"","background-media":"","overlay-type":"","overlay-color":"","overlay-opacity":"","overlay-gradient":""}},"footnotes":""},"class_list":["post-1676","page","type-page","status-publish","hentry"],"_links":{"self":[{"href":"https:\/\/masmontana.mx\/es\/wp-json\/wp\/v2\/pages\/1676","targetHints":{"allow":["GET"]}}],"collection":[{"href":"https:\/\/masmontana.mx\/es\/wp-json\/wp\/v2\/pages"}],"about":[{"href":"https:\/\/masmontana.mx\/es\/wp-json\/wp\/v2\/types\/page"}],"author":[{"embeddable":true,"href":"https:\/\/masmontana.mx\/es\/wp-json\/wp\/v2\/users\/1"}],"replies":[{"embeddable":true,"href":"https:\/\/masmontana.mx\/es\/wp-json\/wp\/v2\/comments?post=1676"}],"version-history":[{"count":150,"href":"https:\/\/masmontana.mx\/es\/wp-json\/wp\/v2\/pages\/1676\/revisions"}],"predecessor-version":[{"id":2677,"href":"https:\/\/masmontana.mx\/es\/wp-json\/wp\/v2\/pages\/1676\/revisions\/2677"}],"wp:attachment":[{"href":"https:\/\/masmontana.mx\/es\/wp-json\/wp\/v2\/media?parent=1676"}],"curies":[{"name":"wp","href":"https:\/\/api.w.org\/{rel}","templated":true}]}}